{"id":80,"date":"2020-02-03T16:27:29","date_gmt":"2020-02-03T16:27:29","guid":{"rendered":"https:\/\/www.calc-avocat.com\/?page_id=80"},"modified":"2021-05-01T13:08:46","modified_gmt":"2021-05-01T13:08:46","slug":"mentions-legales","status":"publish","type":"page","link":"https:\/\/www.calc-avocat.com\/en\/mentions-legales\/","title":{"rendered":"Legal information"},"content":{"rendered":"<div data-elementor-type=\"wp-page\" data-elementor-id=\"80\" class=\"elementor elementor-80\">\n\t\t\t\t\t\t<section class=\"elementor-section elementor-top-section elementor-element elementor-element-16437dbd elementor-section-boxed elementor-section-height-default elementor-section-height-default\" data-id=\"16437dbd\" data-element_type=\"section\">\n\t\t\t\t\t\t<div class=\"elementor-container elementor-column-gap-default\">\n\t\t\t\t\t<div class=\"elementor-column elementor-col-100 elementor-top-column elementor-element elementor-element-170c041e\" data-id=\"170c041e\" data-element_type=\"column\">\n\t\t\t<div class=\"elementor-widget-wrap elementor-element-populated\">\n\t\t\t\t\t\t<div class=\"elementor-element elementor-element-1e79d843 elementor-widget elementor-widget-text-editor\" data-id=\"1e79d843\" data-element_type=\"widget\" data-widget_type=\"text-editor.default\">\n\t\t\t\t<div class=\"elementor-widget-container\">\n\t\t\t\t\t\t\t\t\t<p><\/p>\n<p style=\"text-align: justify;\">This website, accessible from the URL address https:\/\/www.calc-avocat.com (hereinafter the \"Website\") is published by Clarisse Amadieu-Le Claire Soci\u00e9t\u00e9 d'Avocat.<\/p>\n<p style=\"text-align: justify;\"><\/p>\n<p style=\"text-align: justify;\" class=\"translation-block\">Head office: 45 avenue Montaigne, 75008 Paris\n<br>Telephone number: +33 1 72 00 23 72<br>\nSiret : 537 629 727 00026<br>\nAPE code: 6910Z Legal activities<br>\nIntracommunity VAT number: FR 62 537629727<br>\nemail : contact@calc-avocat.com<\/p>\n<p style=\"text-align: justify;\"><\/p>\n<p style=\"text-align: justify;\" class=\"translation-block\">The Website is hosted by O2Switch<br>\nSARL with a capital of \u20ac100,000<br>\n22-224 boulevard Gustave Flaubert, 63000 Clermont-Ferrand<br>\nRCS Clermont-Ferrand n\u00b0 510 909 80700016 - VAT : FR35510909807<br>\nThe o2switch brand is registered with the INPI under number 09 3 645 729<br>\nwww.o2switch.fr<\/p>\n<p style=\"text-align: justify;\"><\/p>\n<p style=\"text-align: justify;\">The Director of the publication of the Website is Ms. Clarisse Amadieu Le Claire.<\/p>\n<p>Webdesign and development: <strong>VD1975<\/strong> | <a href=\"https:\/\/vd1975.com\/\" target=\"_blank\" rel=\"noopener\">vd1975.com<\/a> | contact : <a href=\"mailto:info@vd1975.com\">info@vd1975.com<\/a><\/p>\n<p style=\"text-align: justify;\"><\/p>\n<p style=\"text-align: justify;\">In accordance with the provisions of Articles L.152-1 et seq. of the French Consumer Code, you have the possibility, in the event of a dispute with a lawyer, to have free recourse to the Consumer Mediator, who will be the national mediator for the Conseil National des Barreaux (CNB) and whose contact details are as follows CNB, M\u00e9diateur \u00e0 la consommation, 22 rue de Londres, 75009 PARIS.<\/p>\n<p style=\"text-align: justify;\"><a href=\"https:\/\/mediateur-consommation-avocat.fr\/\" target=\"_blank\" rel=\"noopener\">https:\/\/mediateur-consommation-avocat.fr\/<\/a><\/p>\n<p><\/p>\t\t\t\t\t\t\t\t<\/div>\n\t\t\t\t<\/div>\n\t\t\t\t\t<\/div>\n\t\t<\/div>\n\t\t\t\t\t<\/div>\n\t\t<\/section>\n\t\t\t\t<\/div>","protected":false},"excerpt":{"rendered":"<p>Le pr\u00e9sent site web, accessible \u00e0 partir de l\u2019adresse URL https:\/\/www.calc-avocat.com (ci-apr\u00e8s le \u00ab\u00a0Site Web\u00a0\u00bb) est \u00e9dit\u00e9 par Clarisse Amadieu-Le Claire Soci\u00e9t\u00e9 d\u2019Avocat. Si\u00e8ge social : 45 avenue Montaigne, 75008 ParisT\u00e9l\u00e9phone : +33 1 72 00 23 72Siret : 537 629 727 00026Code APE : 6910Z Activit\u00e9s juridiquesNum\u00e9ro de TVA Intracommunautaire : FR 62 537629727email [&hellip;]<\/p>","protected":false},"author":1,"featured_media":0,"parent":0,"menu_order":0,"comment_status":"closed","ping_status":"closed","template":"","meta":{"ocean_post_layout":"","ocean_both_sidebars_style":"","ocean_both_sidebars_content_width":0,"ocean_both_sidebars_sidebars_width":0,"ocean_sidebar":"0","ocean_second_sidebar":"0","ocean_disable_margins":"enable","ocean_add_body_class":"","ocean_shortcode_before_top_bar":"","ocean_shortcode_after_top_bar":"","ocean_shortcode_before_header":"","ocean_shortcode_after_header":"","ocean_has_shortcode":"","ocean_shortcode_after_title":"","ocean_shortcode_before_footer_widgets":"","ocean_shortcode_after_footer_widgets":"","ocean_shortcode_before_footer_bottom":"","ocean_shortcode_after_footer_bottom":"","ocean_display_top_bar":"default","ocean_display_header":"default","ocean_header_style":"","ocean_center_header_left_menu":"0","ocean_custom_header_template":"0","ocean_custom_logo":0,"ocean_custom_retina_logo":0,"ocean_custom_logo_max_width":0,"ocean_custom_logo_tablet_max_width":0,"ocean_custom_logo_mobile_max_width":0,"ocean_custom_logo_max_height":0,"ocean_custom_logo_tablet_max_height":0,"ocean_custom_logo_mobile_max_height":0,"ocean_header_custom_menu":"0","ocean_menu_typo_font_family":"0","ocean_menu_typo_font_subset":"","ocean_menu_typo_font_size":0,"ocean_menu_typo_font_size_tablet":0,"ocean_menu_typo_font_size_mobile":0,"ocean_menu_typo_font_size_unit":"px","ocean_menu_typo_font_weight":"","ocean_menu_typo_font_weight_tablet":"","ocean_menu_typo_font_weight_mobile":"","ocean_menu_typo_transform":"","ocean_menu_typo_transform_tablet":"","ocean_menu_typo_transform_mobile":"","ocean_menu_typo_line_height":0,"ocean_menu_typo_line_height_tablet":0,"ocean_menu_typo_line_height_mobile":0,"ocean_menu_typo_line_height_unit":"","ocean_menu_typo_spacing":0,"ocean_menu_typo_spacing_tablet":0,"ocean_menu_typo_spacing_mobile":0,"ocean_menu_typo_spacing_unit":"","ocean_menu_link_color":"","ocean_menu_link_color_hover":"","ocean_menu_link_color_active":"","ocean_menu_link_background":"","ocean_menu_link_hover_background":"","ocean_menu_link_active_background":"","ocean_menu_social_links_bg":"","ocean_menu_social_hover_links_bg":"","ocean_menu_social_links_color":"","ocean_menu_social_hover_links_color":"","ocean_disable_title":"enable","ocean_disable_heading":"default","ocean_post_title":"","ocean_post_subheading":"","ocean_post_title_style":"","ocean_post_title_background_color":"","ocean_post_title_background":0,"ocean_post_title_bg_image_position":"","ocean_post_title_bg_image_attachment":"","ocean_post_title_bg_image_repeat":"","ocean_post_title_bg_image_size":"","ocean_post_title_height":0,"ocean_post_title_bg_overlay":0.5,"ocean_post_title_bg_overlay_color":"","ocean_disable_breadcrumbs":"default","ocean_breadcrumbs_color":"","ocean_breadcrumbs_separator_color":"","ocean_breadcrumbs_links_color":"","ocean_breadcrumbs_links_hover_color":"","ocean_display_footer_widgets":"default","ocean_display_footer_bottom":"default","ocean_custom_footer_template":"0","footnotes":""},"class_list":["post-80","page","type-page","status-publish","hentry","entry"],"yoast_head":"<!-- This site is optimized with the Yoast SEO plugin v24.9 - https:\/\/yoast.com\/wordpress\/plugins\/seo\/ -->\n<title>Mentions l\u00e9gales - Clarisse Amadieu-Le Claire<\/title>\n<meta name=\"robots\" content=\"index, follow, max-snippet:-1, max-image-preview:large, max-video-preview:-1\" \/>\n<link rel=\"canonical\" href=\"https:\/\/www.calc-avocat.com\/en\/mentions-legales\/\" \/>\n<meta property=\"og:locale\" content=\"en_GB\" \/>\n<meta property=\"og:type\" content=\"article\" \/>\n<meta property=\"og:title\" content=\"Mentions l\u00e9gales - Clarisse Amadieu-Le Claire\" \/>\n<meta property=\"og:description\" content=\"Le pr\u00e9sent site web, accessible \u00e0 partir de l\u2019adresse URL https:\/\/www.calc-avocat.com (ci-apr\u00e8s le \u00ab\u00a0Site Web\u00a0\u00bb) est \u00e9dit\u00e9 par Clarisse Amadieu-Le Claire Soci\u00e9t\u00e9 d\u2019Avocat. Si\u00e8ge social : 45 avenue Montaigne, 75008 ParisT\u00e9l\u00e9phone : +33 1 72 00 23 72Siret : 537 629 727 00026Code APE : 6910Z Activit\u00e9s juridiquesNum\u00e9ro de TVA Intracommunautaire : FR 62 537629727email [&hellip;]\" \/>\n<meta property=\"og:url\" content=\"https:\/\/www.calc-avocat.com\/en\/mentions-legales\/\" \/>\n<meta property=\"og:site_name\" content=\"Clarisse Amadieu-Le Claire\" \/>\n<meta property=\"article:modified_time\" content=\"2021-05-01T13:08:46+00:00\" \/>\n<meta name=\"twitter:card\" content=\"summary_large_image\" \/>\n<meta name=\"twitter:label1\" content=\"Estimated reading time\" \/>\n\t<meta name=\"twitter:data1\" content=\"1 minute\" \/>\n<script type=\"application\/ld+json\" class=\"yoast-schema-graph\">{\"@context\":\"https:\/\/schema.org\",\"@graph\":[{\"@type\":\"WebPage\",\"@id\":\"https:\/\/www.calc-avocat.com\/en\/mentions-legales\/\",\"url\":\"https:\/\/www.calc-avocat.com\/en\/mentions-legales\/\",\"name\":\"Mentions l\u00e9gales - Clarisse Amadieu-Le Claire\",\"isPartOf\":{\"@id\":\"https:\/\/www.calc-avocat.com\/#website\"},\"datePublished\":\"2020-02-03T16:27:29+00:00\",\"dateModified\":\"2021-05-01T13:08:46+00:00\",\"breadcrumb\":{\"@id\":\"https:\/\/www.calc-avocat.com\/en\/mentions-legales\/#breadcrumb\"},\"inLanguage\":\"en-GB\",\"potentialAction\":[{\"@type\":\"ReadAction\",\"target\":[\"https:\/\/www.calc-avocat.com\/en\/mentions-legales\/\"]}]},{\"@type\":\"BreadcrumbList\",\"@id\":\"https:\/\/www.calc-avocat.com\/en\/mentions-legales\/#breadcrumb\",\"itemListElement\":[{\"@type\":\"ListItem\",\"position\":1,\"name\":\"Accueil\",\"item\":\"https:\/\/www.calc-avocat.com\/\"},{\"@type\":\"ListItem\",\"position\":2,\"name\":\"Mentions l\u00e9gales\"}]},{\"@type\":\"WebSite\",\"@id\":\"https:\/\/www.calc-avocat.com\/#website\",\"url\":\"https:\/\/www.calc-avocat.com\/\",\"name\":\"Clarisse Amadieu-Le Claire\",\"description\":\"Avocat au Barreau de Paris\",\"publisher\":{\"@id\":\"https:\/\/www.calc-avocat.com\/#organization\"},\"potentialAction\":[{\"@type\":\"SearchAction\",\"target\":{\"@type\":\"EntryPoint\",\"urlTemplate\":\"https:\/\/www.calc-avocat.com\/?s={search_term_string}\"},\"query-input\":{\"@type\":\"PropertyValueSpecification\",\"valueRequired\":true,\"valueName\":\"search_term_string\"}}],\"inLanguage\":\"en-GB\"},{\"@type\":\"Organization\",\"@id\":\"https:\/\/www.calc-avocat.com\/#organization\",\"name\":\"Clarisse Amadieu-Le Claire Soci\u00e9t\u00e9 d\u2019Avocat\",\"url\":\"https:\/\/www.calc-avocat.com\/\",\"logo\":{\"@type\":\"ImageObject\",\"inLanguage\":\"en-GB\",\"@id\":\"https:\/\/www.calc-avocat.com\/#\/schema\/logo\/image\/\",\"url\":\"https:\/\/www.calc-avocat.com\/wp-content\/uploads\/2020\/02\/logoCALCv2.jpg\",\"contentUrl\":\"https:\/\/www.calc-avocat.com\/wp-content\/uploads\/2020\/02\/logoCALCv2.jpg\",\"width\":339,\"height\":339,\"caption\":\"Clarisse Amadieu-Le Claire Soci\u00e9t\u00e9 d\u2019Avocat\"},\"image\":{\"@id\":\"https:\/\/www.calc-avocat.com\/#\/schema\/logo\/image\/\"},\"sameAs\":[\"https:\/\/www.linkedin.com\/in\/clarisse-amadieu-le-claire-b0747116\/\"]}]}<\/script>\n<!-- \/ Yoast SEO plugin. -->","yoast_head_json":{"title":"Mentions l\u00e9gales - Clarisse Amadieu-Le Claire","robots":{"index":"index","follow":"follow","max-snippet":"max-snippet:-1","max-image-preview":"max-image-preview:large","max-video-preview":"max-video-preview:-1"},"canonical":"https:\/\/www.calc-avocat.com\/en\/mentions-legales\/","og_locale":"en_GB","og_type":"article","og_title":"Mentions l\u00e9gales - Clarisse Amadieu-Le Claire","og_description":"Le pr\u00e9sent site web, accessible \u00e0 partir de l\u2019adresse URL https:\/\/www.calc-avocat.com (ci-apr\u00e8s le \u00ab\u00a0Site Web\u00a0\u00bb) est \u00e9dit\u00e9 par Clarisse Amadieu-Le Claire Soci\u00e9t\u00e9 d\u2019Avocat. Si\u00e8ge social : 45 avenue Montaigne, 75008 ParisT\u00e9l\u00e9phone : +33 1 72 00 23 72Siret : 537 629 727 00026Code APE : 6910Z Activit\u00e9s juridiquesNum\u00e9ro de TVA Intracommunautaire : FR 62 537629727email [&hellip;]","og_url":"https:\/\/www.calc-avocat.com\/en\/mentions-legales\/","og_site_name":"Clarisse Amadieu-Le Claire","article_modified_time":"2021-05-01T13:08:46+00:00","twitter_card":"summary_large_image","twitter_misc":{"Estimated reading time":"1 minute"},"schema":{"@context":"https:\/\/schema.org","@graph":[{"@type":"WebPage","@id":"https:\/\/www.calc-avocat.com\/en\/mentions-legales\/","url":"https:\/\/www.calc-avocat.com\/en\/mentions-legales\/","name":"Mentions l\u00e9gales - Clarisse Amadieu-Le Claire","isPartOf":{"@id":"https:\/\/www.calc-avocat.com\/#website"},"datePublished":"2020-02-03T16:27:29+00:00","dateModified":"2021-05-01T13:08:46+00:00","breadcrumb":{"@id":"https:\/\/www.calc-avocat.com\/en\/mentions-legales\/#breadcrumb"},"inLanguage":"en-GB","potentialAction":[{"@type":"ReadAction","target":["https:\/\/www.calc-avocat.com\/en\/mentions-legales\/"]}]},{"@type":"BreadcrumbList","@id":"https:\/\/www.calc-avocat.com\/en\/mentions-legales\/#breadcrumb","itemListElement":[{"@type":"ListItem","position":1,"name":"Accueil","item":"https:\/\/www.calc-avocat.com\/"},{"@type":"ListItem","position":2,"name":"Mentions l\u00e9gales"}]},{"@type":"WebSite","@id":"https:\/\/www.calc-avocat.com\/#website","url":"https:\/\/www.calc-avocat.com\/","name":"Clarisse Amadieu-Le Claire","description":"Avocat au Barreau de Paris","publisher":{"@id":"https:\/\/www.calc-avocat.com\/#organization"},"potentialAction":[{"@type":"SearchAction","target":{"@type":"EntryPoint","urlTemplate":"https:\/\/www.calc-avocat.com\/?s={search_term_string}"},"query-input":{"@type":"PropertyValueSpecification","valueRequired":true,"valueName":"search_term_string"}}],"inLanguage":"en-GB"},{"@type":"Organization","@id":"https:\/\/www.calc-avocat.com\/#organization","name":"Clarisse Amadieu-Le Claire Soci\u00e9t\u00e9 d\u2019Avocat","url":"https:\/\/www.calc-avocat.com\/","logo":{"@type":"ImageObject","inLanguage":"en-GB","@id":"https:\/\/www.calc-avocat.com\/#\/schema\/logo\/image\/","url":"https:\/\/www.calc-avocat.com\/wp-content\/uploads\/2020\/02\/logoCALCv2.jpg","contentUrl":"https:\/\/www.calc-avocat.com\/wp-content\/uploads\/2020\/02\/logoCALCv2.jpg","width":339,"height":339,"caption":"Clarisse Amadieu-Le Claire Soci\u00e9t\u00e9 d\u2019Avocat"},"image":{"@id":"https:\/\/www.calc-avocat.com\/#\/schema\/logo\/image\/"},"sameAs":["https:\/\/www.linkedin.com\/in\/clarisse-amadieu-le-claire-b0747116\/"]}]}},"_links":{"self":[{"href":"https:\/\/www.calc-avocat.com\/en\/wp-json\/wp\/v2\/pages\/80","targetHints":{"allow":["GET"]}}],"collection":[{"href":"https:\/\/www.calc-avocat.com\/en\/wp-json\/wp\/v2\/pages"}],"about":[{"href":"https:\/\/www.calc-avocat.com\/en\/wp-json\/wp\/v2\/types\/page"}],"author":[{"embeddable":true,"href":"https:\/\/www.calc-avocat.com\/en\/wp-json\/wp\/v2\/users\/1"}],"replies":[{"embeddable":true,"href":"https:\/\/www.calc-avocat.com\/en\/wp-json\/wp\/v2\/comments?post=80"}],"version-history":[{"count":14,"href":"https:\/\/www.calc-avocat.com\/en\/wp-json\/wp\/v2\/pages\/80\/revisions"}],"predecessor-version":[{"id":508,"href":"https:\/\/www.calc-avocat.com\/en\/wp-json\/wp\/v2\/pages\/80\/revisions\/508"}],"wp:attachment":[{"href":"https:\/\/www.calc-avocat.com\/en\/wp-json\/wp\/v2\/media?parent=80"}],"curies":[{"name":"wp","href":"https:\/\/api.w.org\/{rel}","templated":true}]}}